{"id":1650,"date":"2021-09-20T11:04:18","date_gmt":"2021-09-20T08:04:18","guid":{"rendered":"https:\/\/theguy4u.co.il\/miniplast\/?page_id=1650"},"modified":"2023-08-28T13:01:24","modified_gmt":"2023-08-28T10:01:24","slug":"novedades","status":"publish","type":"page","link":"https:\/\/www.mini-plast.com\/es\/empresa\/novedades\/","title":{"rendered":"Novedades"},"content":{"rendered":"","protected":false},"excerpt":{"rendered":"","protected":false},"author":1,"featured_media":0,"parent":1329,"menu_order":44,"comment_status":"closed","ping_status":"closed","template":"templates\/updates_and_new_products.php","meta":{"_acf_changed":false,"footnotes":""},"class_list":["post-1650","page","type-page","status-publish","hentry"],"acf":[],"yoast_head":"<!-- This site is optimized with the Yoast SEO plugin v27.2 - https:\/\/yoast.com\/product\/yoast-seo-wordpress\/ -->\n<title>Miniplast | Novedades<\/title>\n<meta name=\"description\" content=\"Descubre las \u00faltimas novedades y productos innovadores de MiniPlast en nuestra secci\u00f3n de novedades en l\u00ednea\" \/>\n<meta name=\"robots\" content=\"index, follow, max-snippet:-1, max-image-preview:large, max-video-preview:-1\" \/>\n<link rel=\"canonical\" href=\"https:\/\/www.mini-plast.com\/es\/empresa\/novedades\/\" \/>\n<meta property=\"og:locale\" content=\"es_ES\" \/>\n<meta property=\"og:type\" content=\"article\" \/>\n<meta property=\"og:title\" content=\"Miniplast | Novedades\" \/>\n<meta property=\"og:description\" content=\"Descubre las \u00faltimas novedades y productos innovadores de MiniPlast en nuestra secci\u00f3n de novedades en l\u00ednea\" \/>\n<meta property=\"og:url\" content=\"https:\/\/www.mini-plast.com\/es\/empresa\/novedades\/\" \/>\n<meta property=\"og:site_name\" content=\"MiniPlast\" \/>\n<meta property=\"article:modified_time\" content=\"2023-08-28T10:01:24+00:00\" \/>\n<meta name=\"twitter:card\" content=\"summary_large_image\" \/>\n<script type=\"application\/ld+json\" class=\"yoast-schema-graph\">{\"@context\":\"https:\/\/schema.org\",\"@graph\":[{\"@type\":\"WebPage\",\"@id\":\"https:\/\/www.mini-plast.com\/es\/empresa\/novedades\/\",\"url\":\"https:\/\/www.mini-plast.com\/es\/empresa\/novedades\/\",\"name\":\"Miniplast | Novedades\",\"isPartOf\":{\"@id\":\"https:\/\/www.mini-plast.com\/#website\"},\"datePublished\":\"2021-09-20T08:04:18+00:00\",\"dateModified\":\"2023-08-28T10:01:24+00:00\",\"description\":\"Descubre las \u00faltimas novedades y productos innovadores de MiniPlast en nuestra secci\u00f3n de novedades en l\u00ednea\",\"breadcrumb\":{\"@id\":\"https:\/\/www.mini-plast.com\/es\/empresa\/novedades\/#breadcrumb\"},\"inLanguage\":\"es\",\"potentialAction\":[{\"@type\":\"ReadAction\",\"target\":[\"https:\/\/www.mini-plast.com\/es\/empresa\/novedades\/\"]}]},{\"@type\":\"BreadcrumbList\",\"@id\":\"https:\/\/www.mini-plast.com\/es\/empresa\/novedades\/#breadcrumb\",\"itemListElement\":[{\"@type\":\"ListItem\",\"position\":1,\"name\":\"Home\",\"item\":\"https:\/\/www.mini-plast.com\/es\/\"},{\"@type\":\"ListItem\",\"position\":2,\"name\":\"Sobre MiniPlast\",\"item\":\"https:\/\/www.mini-plast.com\/es\/empresa\/\"},{\"@type\":\"ListItem\",\"position\":3,\"name\":\"Novedades\"}]},{\"@type\":\"WebSite\",\"@id\":\"https:\/\/www.mini-plast.com\/#website\",\"url\":\"https:\/\/www.mini-plast.com\/\",\"name\":\"MiniPlast\",\"description\":\"\",\"publisher\":{\"@id\":\"https:\/\/www.mini-plast.com\/#organization\"},\"potentialAction\":[{\"@type\":\"SearchAction\",\"target\":{\"@type\":\"EntryPoint\",\"urlTemplate\":\"https:\/\/www.mini-plast.com\/?s={search_term_string}\"},\"query-input\":{\"@type\":\"PropertyValueSpecification\",\"valueRequired\":true,\"valueName\":\"search_term_string\"}}],\"inLanguage\":\"es\"},{\"@type\":\"Organization\",\"@id\":\"https:\/\/www.mini-plast.com\/#organization\",\"name\":\"MiniPlast\",\"url\":\"https:\/\/www.mini-plast.com\/\",\"logo\":{\"@type\":\"ImageObject\",\"inLanguage\":\"es\",\"@id\":\"https:\/\/www.mini-plast.com\/#\/schema\/logo\/image\/\",\"url\":\"https:\/\/www.mini-plast.com\/wp-content\/uploads\/logo-e1628591194934.png\",\"contentUrl\":\"https:\/\/www.mini-plast.com\/wp-content\/uploads\/logo-e1628591194934.png\",\"width\":225,\"height\":52,\"caption\":\"MiniPlast\"},\"image\":{\"@id\":\"https:\/\/www.mini-plast.com\/#\/schema\/logo\/image\/\"}}]}<\/script>\n<!-- \/ Yoast SEO plugin. -->","yoast_head_json":{"title":"Miniplast | Novedades","description":"Descubre las \u00faltimas novedades y productos innovadores de MiniPlast en nuestra secci\u00f3n de novedades en l\u00ednea","robots":{"index":"index","follow":"follow","max-snippet":"max-snippet:-1","max-image-preview":"max-image-preview:large","max-video-preview":"max-video-preview:-1"},"canonical":"https:\/\/www.mini-plast.com\/es\/empresa\/novedades\/","og_locale":"es_ES","og_type":"article","og_title":"Miniplast | Novedades","og_description":"Descubre las \u00faltimas novedades y productos innovadores de MiniPlast en nuestra secci\u00f3n de novedades en l\u00ednea","og_url":"https:\/\/www.mini-plast.com\/es\/empresa\/novedades\/","og_site_name":"MiniPlast","article_modified_time":"2023-08-28T10:01:24+00:00","twitter_card":"summary_large_image","schema":{"@context":"https:\/\/schema.org","@graph":[{"@type":"WebPage","@id":"https:\/\/www.mini-plast.com\/es\/empresa\/novedades\/","url":"https:\/\/www.mini-plast.com\/es\/empresa\/novedades\/","name":"Miniplast | Novedades","isPartOf":{"@id":"https:\/\/www.mini-plast.com\/#website"},"datePublished":"2021-09-20T08:04:18+00:00","dateModified":"2023-08-28T10:01:24+00:00","description":"Descubre las \u00faltimas novedades y productos innovadores de MiniPlast en nuestra secci\u00f3n de novedades en l\u00ednea","breadcrumb":{"@id":"https:\/\/www.mini-plast.com\/es\/empresa\/novedades\/#breadcrumb"},"inLanguage":"es","potentialAction":[{"@type":"ReadAction","target":["https:\/\/www.mini-plast.com\/es\/empresa\/novedades\/"]}]},{"@type":"BreadcrumbList","@id":"https:\/\/www.mini-plast.com\/es\/empresa\/novedades\/#breadcrumb","itemListElement":[{"@type":"ListItem","position":1,"name":"Home","item":"https:\/\/www.mini-plast.com\/es\/"},{"@type":"ListItem","position":2,"name":"Sobre MiniPlast","item":"https:\/\/www.mini-plast.com\/es\/empresa\/"},{"@type":"ListItem","position":3,"name":"Novedades"}]},{"@type":"WebSite","@id":"https:\/\/www.mini-plast.com\/#website","url":"https:\/\/www.mini-plast.com\/","name":"MiniPlast","description":"","publisher":{"@id":"https:\/\/www.mini-plast.com\/#organization"},"potentialAction":[{"@type":"SearchAction","target":{"@type":"EntryPoint","urlTemplate":"https:\/\/www.mini-plast.com\/?s={search_term_string}"},"query-input":{"@type":"PropertyValueSpecification","valueRequired":true,"valueName":"search_term_string"}}],"inLanguage":"es"},{"@type":"Organization","@id":"https:\/\/www.mini-plast.com\/#organization","name":"MiniPlast","url":"https:\/\/www.mini-plast.com\/","logo":{"@type":"ImageObject","inLanguage":"es","@id":"https:\/\/www.mini-plast.com\/#\/schema\/logo\/image\/","url":"https:\/\/www.mini-plast.com\/wp-content\/uploads\/logo-e1628591194934.png","contentUrl":"https:\/\/www.mini-plast.com\/wp-content\/uploads\/logo-e1628591194934.png","width":225,"height":52,"caption":"MiniPlast"},"image":{"@id":"https:\/\/www.mini-plast.com\/#\/schema\/logo\/image\/"}}]}},"_links":{"self":[{"href":"https:\/\/www.mini-plast.com\/es\/wp-json\/wp\/v2\/pages\/1650","targetHints":{"allow":["GET"]}}],"collection":[{"href":"https:\/\/www.mini-plast.com\/es\/wp-json\/wp\/v2\/pages"}],"about":[{"href":"https:\/\/www.mini-plast.com\/es\/wp-json\/wp\/v2\/types\/page"}],"author":[{"embeddable":true,"href":"https:\/\/www.mini-plast.com\/es\/wp-json\/wp\/v2\/users\/1"}],"replies":[{"embeddable":true,"href":"https:\/\/www.mini-plast.com\/es\/wp-json\/wp\/v2\/comments?post=1650"}],"version-history":[{"count":2,"href":"https:\/\/www.mini-plast.com\/es\/wp-json\/wp\/v2\/pages\/1650\/revisions"}],"predecessor-version":[{"id":1652,"href":"https:\/\/www.mini-plast.com\/es\/wp-json\/wp\/v2\/pages\/1650\/revisions\/1652"}],"up":[{"embeddable":true,"href":"https:\/\/www.mini-plast.com\/es\/wp-json\/wp\/v2\/pages\/1329"}],"wp:attachment":[{"href":"https:\/\/www.mini-plast.com\/es\/wp-json\/wp\/v2\/media?parent=1650"}],"curies":[{"name":"wp","href":"https:\/\/api.w.org\/{rel}","templated":true}]}}