{"id":1329,"date":"2021-08-02T15:11:32","date_gmt":"2021-08-02T12:11:32","guid":{"rendered":"https:\/\/localhost\/gilpack\/?page_id=1329"},"modified":"2023-08-28T13:01:24","modified_gmt":"2023-08-28T10:01:24","slug":"empresa","status":"publish","type":"page","link":"https:\/\/www.mini-plast.com\/es\/empresa\/","title":{"rendered":"Sobre MiniPlast"},"content":{"rendered":"\n<p>En nuestra f\u00e1brica en el Kibbutz Ein Shemer, Israel, producimos una variedad de instrumentos y materiales de laboratorio de pl\u00e1stico para los campos de la microbiolog\u00eda y la qu\u00edmica, utilizando m\u00e1quinas de moldeo por inyecci\u00f3n de \u00faltima generaci\u00f3n y bajo estrictas condiciones de \u00absala limpia\u00bb, que incluyen l\u00edneas de producci\u00f3n totalmente automatizadas, sin ning\u00fan contacto humano.<\/p>\n\n\n\n<p>Durante m\u00e1s de 40 a\u00f1os, hemos estado suministrando placas de Petri, tubos centr\u00edfugos, asas de siembra, recipientes para muestras y medicamentos, contenedores de orina y otros materiales de pl\u00e1stico moldeados por inyecci\u00f3n hechos a medida, a cientos de clientes en diferentes pa\u00edses:<\/p>\n\n\n\n<ul class=\"wp-block-list\">\n<li>Cl\u00ednicas y hospitales.<\/li>\n\n\n\n<li>Universidades e instituciones de investigaci\u00f3n.<\/li>\n\n\n\n<li>Laboratorios ubicados en f\u00e1bricas farmac\u00e9uticas, qu\u00edmicas y de productos alimenticios.<\/li>\n<\/ul>\n\n\n\n<p>En el a\u00f1o 2016 MiniPlast fue comprado por Gil Plastic Products LTD, que se especializa en packaging primario farmac\u00e9utico. Como resultado de esta adquisici\u00f3n, hemos ampliado nuestra oferta a envases farmac\u00e9uticos tales como contenedores, botellas, tapones y frascos para muestras de agua, entre otros art\u00edculos.<\/p>\n\n\n\n<p>A lo largo del tiempo hemos logrado una reputaci\u00f3n reconocida por la alta calidad de nuestros productos, que se refleja en:<\/p>\n\n\n\n<ul class=\"wp-block-list\">\n<li>Materiales con nivel de limpieza muy alto.<\/li>\n\n\n\n<li>Utilizaci\u00f3n de materias primas de calidad con los correspondientes certificados de la industria m\u00e9dica.<\/li>\n\n\n\n<li>Alta disponibilidad que nos permite entregar los pedidos en tiempo y forma.<\/li>\n<\/ul>\n\n\n\n<p>Contamos con una amplia gama de equipos de alta tecnolog\u00eda: m\u00e1quinas de moldeo por inyecci\u00f3n, sopladoras, robots, m\u00e1quinas de impresi\u00f3n, l\u00edneas de montaje, l\u00edneas automatizadas de envasado y salas blancas.<\/p>\n","protected":false},"excerpt":{"rendered":"<p>En nuestra f\u00e1brica en el Kibbutz Ein Shemer, Israel, producimos una variedad de instrumentos y materiales de laboratorio de pl\u00e1stico para los campos de la microbiolog\u00eda y la qu\u00edmica, utilizando m\u00e1quinas de moldeo por inyecci\u00f3n de \u00faltima generaci\u00f3n y bajo estrictas condiciones de \u00absala limpia\u00bb, que incluyen l\u00edneas de producci\u00f3n totalmente automatizadas, sin ning\u00fan contacto [&hellip;]<\/p>\n","protected":false},"author":1,"featured_media":0,"parent":0,"menu_order":61,"comment_status":"closed","ping_status":"closed","template":"templates\/about.php","meta":{"_acf_changed":false,"footnotes":""},"class_list":["post-1329","page","type-page","status-publish","hentry"],"acf":[],"yoast_head":"<!-- This site is optimized with the Yoast SEO plugin v27.2 - https:\/\/yoast.com\/product\/yoast-seo-wordpress\/ -->\n<title>Miniplast | Sobre MiniPlast<\/title>\n<meta name=\"description\" content=\"Descubre todo sobre nuestra empresa l\u00edder en la fabricaci\u00f3n y distribuci\u00f3n de productos m\u00e9dicos de alta calidad.\" \/>\n<meta name=\"robots\" content=\"index, follow, max-snippet:-1, max-image-preview:large, max-video-preview:-1\" \/>\n<link rel=\"canonical\" href=\"https:\/\/www.mini-plast.com\/es\/empresa\/\" \/>\n<meta property=\"og:locale\" content=\"es_ES\" \/>\n<meta property=\"og:type\" content=\"article\" \/>\n<meta property=\"og:title\" content=\"Miniplast | Sobre MiniPlast\" \/>\n<meta property=\"og:description\" content=\"Descubre todo sobre nuestra empresa l\u00edder en la fabricaci\u00f3n y distribuci\u00f3n de productos m\u00e9dicos de alta calidad.\" \/>\n<meta property=\"og:url\" content=\"https:\/\/www.mini-plast.com\/es\/empresa\/\" \/>\n<meta property=\"og:site_name\" content=\"MiniPlast\" \/>\n<meta property=\"article:modified_time\" content=\"2023-08-28T10:01:24+00:00\" \/>\n<meta name=\"twitter:card\" content=\"summary_large_image\" \/>\n<meta name=\"twitter:label1\" content=\"Tiempo de lectura\" \/>\n\t<meta name=\"twitter:data1\" content=\"2 minutos\" \/>\n<script type=\"application\/ld+json\" class=\"yoast-schema-graph\">{\"@context\":\"https:\/\/schema.org\",\"@graph\":[{\"@type\":\"WebPage\",\"@id\":\"https:\/\/www.mini-plast.com\/es\/empresa\/\",\"url\":\"https:\/\/www.mini-plast.com\/es\/empresa\/\",\"name\":\"Miniplast | Sobre MiniPlast\",\"isPartOf\":{\"@id\":\"https:\/\/www.mini-plast.com\/#website\"},\"datePublished\":\"2021-08-02T12:11:32+00:00\",\"dateModified\":\"2023-08-28T10:01:24+00:00\",\"description\":\"Descubre todo sobre nuestra empresa l\u00edder en la fabricaci\u00f3n y distribuci\u00f3n de productos m\u00e9dicos de alta calidad.\",\"breadcrumb\":{\"@id\":\"https:\/\/www.mini-plast.com\/es\/empresa\/#breadcrumb\"},\"inLanguage\":\"es\",\"potentialAction\":[{\"@type\":\"ReadAction\",\"target\":[\"https:\/\/www.mini-plast.com\/es\/empresa\/\"]}]},{\"@type\":\"BreadcrumbList\",\"@id\":\"https:\/\/www.mini-plast.com\/es\/empresa\/#breadcrumb\",\"itemListElement\":[{\"@type\":\"ListItem\",\"position\":1,\"name\":\"Home\",\"item\":\"https:\/\/www.mini-plast.com\/es\/\"},{\"@type\":\"ListItem\",\"position\":2,\"name\":\"Sobre MiniPlast\"}]},{\"@type\":\"WebSite\",\"@id\":\"https:\/\/www.mini-plast.com\/#website\",\"url\":\"https:\/\/www.mini-plast.com\/\",\"name\":\"MiniPlast\",\"description\":\"\",\"publisher\":{\"@id\":\"https:\/\/www.mini-plast.com\/#organization\"},\"potentialAction\":[{\"@type\":\"SearchAction\",\"target\":{\"@type\":\"EntryPoint\",\"urlTemplate\":\"https:\/\/www.mini-plast.com\/?s={search_term_string}\"},\"query-input\":{\"@type\":\"PropertyValueSpecification\",\"valueRequired\":true,\"valueName\":\"search_term_string\"}}],\"inLanguage\":\"es\"},{\"@type\":\"Organization\",\"@id\":\"https:\/\/www.mini-plast.com\/#organization\",\"name\":\"MiniPlast\",\"url\":\"https:\/\/www.mini-plast.com\/\",\"logo\":{\"@type\":\"ImageObject\",\"inLanguage\":\"es\",\"@id\":\"https:\/\/www.mini-plast.com\/#\/schema\/logo\/image\/\",\"url\":\"https:\/\/www.mini-plast.com\/wp-content\/uploads\/logo-e1628591194934.png\",\"contentUrl\":\"https:\/\/www.mini-plast.com\/wp-content\/uploads\/logo-e1628591194934.png\",\"width\":225,\"height\":52,\"caption\":\"MiniPlast\"},\"image\":{\"@id\":\"https:\/\/www.mini-plast.com\/#\/schema\/logo\/image\/\"}}]}<\/script>\n<!-- \/ Yoast SEO plugin. -->","yoast_head_json":{"title":"Miniplast | Sobre MiniPlast","description":"Descubre todo sobre nuestra empresa l\u00edder en la fabricaci\u00f3n y distribuci\u00f3n de productos m\u00e9dicos de alta calidad.","robots":{"index":"index","follow":"follow","max-snippet":"max-snippet:-1","max-image-preview":"max-image-preview:large","max-video-preview":"max-video-preview:-1"},"canonical":"https:\/\/www.mini-plast.com\/es\/empresa\/","og_locale":"es_ES","og_type":"article","og_title":"Miniplast | Sobre MiniPlast","og_description":"Descubre todo sobre nuestra empresa l\u00edder en la fabricaci\u00f3n y distribuci\u00f3n de productos m\u00e9dicos de alta calidad.","og_url":"https:\/\/www.mini-plast.com\/es\/empresa\/","og_site_name":"MiniPlast","article_modified_time":"2023-08-28T10:01:24+00:00","twitter_card":"summary_large_image","twitter_misc":{"Tiempo de lectura":"2 minutos"},"schema":{"@context":"https:\/\/schema.org","@graph":[{"@type":"WebPage","@id":"https:\/\/www.mini-plast.com\/es\/empresa\/","url":"https:\/\/www.mini-plast.com\/es\/empresa\/","name":"Miniplast | Sobre MiniPlast","isPartOf":{"@id":"https:\/\/www.mini-plast.com\/#website"},"datePublished":"2021-08-02T12:11:32+00:00","dateModified":"2023-08-28T10:01:24+00:00","description":"Descubre todo sobre nuestra empresa l\u00edder en la fabricaci\u00f3n y distribuci\u00f3n de productos m\u00e9dicos de alta calidad.","breadcrumb":{"@id":"https:\/\/www.mini-plast.com\/es\/empresa\/#breadcrumb"},"inLanguage":"es","potentialAction":[{"@type":"ReadAction","target":["https:\/\/www.mini-plast.com\/es\/empresa\/"]}]},{"@type":"BreadcrumbList","@id":"https:\/\/www.mini-plast.com\/es\/empresa\/#breadcrumb","itemListElement":[{"@type":"ListItem","position":1,"name":"Home","item":"https:\/\/www.mini-plast.com\/es\/"},{"@type":"ListItem","position":2,"name":"Sobre MiniPlast"}]},{"@type":"WebSite","@id":"https:\/\/www.mini-plast.com\/#website","url":"https:\/\/www.mini-plast.com\/","name":"MiniPlast","description":"","publisher":{"@id":"https:\/\/www.mini-plast.com\/#organization"},"potentialAction":[{"@type":"SearchAction","target":{"@type":"EntryPoint","urlTemplate":"https:\/\/www.mini-plast.com\/?s={search_term_string}"},"query-input":{"@type":"PropertyValueSpecification","valueRequired":true,"valueName":"search_term_string"}}],"inLanguage":"es"},{"@type":"Organization","@id":"https:\/\/www.mini-plast.com\/#organization","name":"MiniPlast","url":"https:\/\/www.mini-plast.com\/","logo":{"@type":"ImageObject","inLanguage":"es","@id":"https:\/\/www.mini-plast.com\/#\/schema\/logo\/image\/","url":"https:\/\/www.mini-plast.com\/wp-content\/uploads\/logo-e1628591194934.png","contentUrl":"https:\/\/www.mini-plast.com\/wp-content\/uploads\/logo-e1628591194934.png","width":225,"height":52,"caption":"MiniPlast"},"image":{"@id":"https:\/\/www.mini-plast.com\/#\/schema\/logo\/image\/"}}]}},"_links":{"self":[{"href":"https:\/\/www.mini-plast.com\/es\/wp-json\/wp\/v2\/pages\/1329","targetHints":{"allow":["GET"]}}],"collection":[{"href":"https:\/\/www.mini-plast.com\/es\/wp-json\/wp\/v2\/pages"}],"about":[{"href":"https:\/\/www.mini-plast.com\/es\/wp-json\/wp\/v2\/types\/page"}],"author":[{"embeddable":true,"href":"https:\/\/www.mini-plast.com\/es\/wp-json\/wp\/v2\/users\/1"}],"replies":[{"embeddable":true,"href":"https:\/\/www.mini-plast.com\/es\/wp-json\/wp\/v2\/comments?post=1329"}],"version-history":[{"count":16,"href":"https:\/\/www.mini-plast.com\/es\/wp-json\/wp\/v2\/pages\/1329\/revisions"}],"predecessor-version":[{"id":2501,"href":"https:\/\/www.mini-plast.com\/es\/wp-json\/wp\/v2\/pages\/1329\/revisions\/2501"}],"wp:attachment":[{"href":"https:\/\/www.mini-plast.com\/es\/wp-json\/wp\/v2\/media?parent=1329"}],"curies":[{"name":"wp","href":"https:\/\/api.w.org\/{rel}","templated":true}]}}